{"id":92,"date":"2017-09-01T16:26:59","date_gmt":"2017-09-01T16:26:59","guid":{"rendered":"http:\/\/themenectar.com\/demo\/salient-corporate-2\/?page_id=92"},"modified":"2017-09-01T16:26:59","modified_gmt":"2017-09-01T16:26:59","slug":"warum_wir","status":"publish","type":"page","link":"https:\/\/factoryconcept.de\/?page_id=92","title":{"rendered":"Warum wir"},"content":{"rendered":"[vc_row type=&#8220;full_width_background&#8220; full_screen_row_position=&#8220;middle&#8220; bg_image=&#8220;5971&#8243; bg_position=&#8220;left top&#8220; bg_repeat=&#8220;no-repeat&#8220; scene_position=&#8220;center&#8220; text_color=&#8220;light&#8220; text_align=&#8220;center&#8220; top_padding=&#8220;8%&#8220; bottom_padding=&#8220;150&#8243; color_overlay=&#8220;#5cc1b3&#8243; overlay_strength=&#8220;0.5&#8243; enable_shape_divider=&#8220;true&#8220; shape_divider_color=&#8220;#ffffff&#8220; shape_divider_position=&#8220;bottom&#8220; shape_divider_height=&#8220;250&#8243; bg_image_animation=&#8220;none&#8220; shape_type=&#8220;curve_opacity&#8220;][vc_column column_padding=&#8220;no-extra-padding&#8220; column_padding_position=&#8220;all&#8220; background_color_opacity=&#8220;1&#8243; background_hover_color_opacity=&#8220;1&#8243; column_link_target=&#8220;_self&#8220; column_shadow=&#8220;none&#8220; column_border_radius=&#8220;15px&#8220; width=&#8220;1\/1&#8243; tablet_width_inherit=&#8220;default&#8220; tablet_text_alignment=&#8220;default&#8220; phone_text_alignment=&#8220;default&#8220; column_border_width=&#8220;none&#8220; bg_image_animation=&#8220;none&#8220;][vc_row_inner column_margin=&#8220;default&#8220; text_align=&#8220;left&#8220;][vc_column_inner column_padding=&#8220;no-extra-padding&#8220; column_padding_position=&#8220;all&#8220; background_color_opacity=&#8220;1&#8243; background_hover_color_opacity=&#8220;1&#8243; column_shadow=&#8220;none&#8220; column_border_radius=&#8220;5px&#8220; column_link_target=&#8220;_self&#8220; width=&#8220;1\/1&#8243; tablet_width_inherit=&#8220;default&#8220; column_border_width=&#8220;none&#8220; column_border_style=&#8220;solid&#8220; bg_image_animation=&#8220;none&#8220;][vc_column_text]\n<h1 style=\"text-align: center;\"><span style=\"color: #ffffff;\">Warum wir<\/span><\/h1>\n[\/vc_column_text][\/vc_column_inner][\/vc_row_inner][\/vc_column][\/vc_row][vc_row type=&#8220;in_container&#8220; full_screen_row_position=&#8220;middle&#8220; equal_height=&#8220;yes&#8220; content_placement=&#8220;middle&#8220; scene_position=&#8220;center&#8220; text_color=&#8220;dark&#8220; text_align=&#8220;left&#8220; top_padding=&#8220;3%&#8220; bottom_padding=&#8220;5%&#8220; overlay_strength=&#8220;0.5&#8243; shape_divider_color=&#8220;#2ed397&#8243; shape_divider_position=&#8220;bottom&#8220; bg_image_animation=&#8220;none&#8220; parallax_bg=&#8220;true&#8220; parallax_bg_speed=&#8220;fast&#8220; shape_type=&#8220;mountains&#8220;][vc_column column_padding=&#8220;padding-5-percent&#8220; column_padding_position=&#8220;all&#8220; background_color_opacity=&#8220;1&#8243; background_hover_color_opacity=&#8220;1&#8243; font_color=&#8220;#000000&#8243; column_link_target=&#8220;_self&#8220; column_shadow=&#8220;none&#8220; column_border_radius=&#8220;none&#8220; width=&#8220;2\/3&#8243; tablet_width_inherit=&#8220;default&#8220; tablet_text_alignment=&#8220;default&#8220; phone_text_alignment=&#8220;default&#8220; column_border_width=&#8220;none&#8220; column_border_style=&#8220;solid&#8220; bg_image_animation=&#8220;none&#8220;][vc_column_text]\n<h6>\u201eWir kennen keine Fabrikprojekte, die ideale Rahmenbedingungen haben und einfach zu realisieren sind. Wir sehen unsere Aufgabe darin, als Schnittstelle zwischen Ihnen, Produktion, Fachplanern und Architekten die Hindernisse aus dem Weg zu r\u00e4umen, damit jeder seinen Job erledigen kann. Wir konzentrieren uns auf Ihre individuelle Unternehmenssituation, Ihre Ziele und Ihre Rahmenbedingungen \u2013 und zusammen mit unserer Chancen- und Risikoerkennungskompetenz holen wir mit dem passendsten Fabrikkonzept das Beste f\u00fcr Ihr Unternehmen heraus!\u201c<\/h6>\n<p>&nbsp;<\/p>\n<p style=\"text-align: right;\">Dipl.-Ing. Univ. Martin Peither<br \/>\n<span style=\"color: #808080;\">Gr\u00fcnder der peither AG (1999), CEO und Betreuer Ihres Konzeptes<\/span>[\/vc_column_text][\/vc_column][vc_column column_padding=&#8220;no-extra-padding&#8220; column_padding_position=&#8220;bottom&#8220; background_color_opacity=&#8220;1&#8243; background_hover_color_opacity=&#8220;1&#8243; background_image=&#8220;5972&#8243; enable_bg_scale=&#8220;true&#8220; column_link_target=&#8220;_self&#8220; column_shadow=&#8220;none&#8220; column_border_radius=&#8220;5px&#8220; width=&#8220;1\/3&#8243; tablet_width_inherit=&#8220;default&#8220; tablet_text_alignment=&#8220;default&#8220; phone_text_alignment=&#8220;default&#8220; column_border_width=&#8220;none&#8220; bg_image_animation=&#8220;none&#8220;][\/vc_column][\/vc_row][vc_row type=&#8220;full_width_background&#8220; full_screen_row_position=&#8220;middle&#8220; equal_height=&#8220;yes&#8220; scene_position=&#8220;center&#8220; text_color=&#8220;dark&#8220; text_align=&#8220;left&#8220; bottom_padding=&#8220;3%&#8220; color_overlay=&#8220;#ffffff&#8220; overlay_strength=&#8220;0.3&#8243; shape_divider_position=&#8220;bottom&#8220; bg_image_animation=&#8220;none&#8220; shape_type=&#8220;curve_opacity&#8220;][vc_column column_padding=&#8220;padding-5-percent&#8220; column_padding_position=&#8220;all&#8220; background_color_opacity=&#8220;0.4&#8243; background_hover_color_opacity=&#8220;1&#8243; background_image=&#8220;6775&#8243; enable_bg_scale=&#8220;true&#8220; column_link_target=&#8220;_self&#8220; column_shadow=&#8220;none&#8220; column_border_radius=&#8220;5px&#8220; width=&#8220;1\/4&#8243; tablet_width_inherit=&#8220;default&#8220; tablet_text_alignment=&#8220;default&#8220; phone_text_alignment=&#8220;default&#8220; column_border_width=&#8220;none&#8220; bg_image_animation=&#8220;none&#8220;][\/vc_column][vc_column column_padding=&#8220;padding-2-percent&#8220; column_padding_position=&#8220;left-right&#8220; background_color_opacity=&#8220;1&#8243; background_hover_color_opacity=&#8220;1&#8243; column_link_target=&#8220;_self&#8220; column_shadow=&#8220;none&#8220; column_border_radius=&#8220;5px&#8220; width=&#8220;3\/4&#8243; tablet_width_inherit=&#8220;default&#8220; tablet_text_alignment=&#8220;default&#8220; phone_text_alignment=&#8220;default&#8220; column_border_width=&#8220;none&#8220; bg_image_animation=&#8220;none&#8220;][vc_column_text]\n<h3>Lessons Learned aus 34 Jahren Fabrikprojekten &#8211;<br \/>\nUnsere Erfahrung, Ihr Benefit.<\/h3>\n[\/vc_column_text]<div class=\"toggles accordion\" data-style=\"default\"><div class=\"toggle default\"><h3><a href=\"#\"><i class=\"icon-plus-sign\"><\/i>80 % der Life-Cycle-Cost der Fabrik werden in der Konzeptphase festgelegt, sp\u00e4tere \u00c4nderungen haben oft einen starken Einfluss darauf.<\/a><\/h3><div>[vc_column_text]Unser Denkansatz ist daher ganzheitlich und fach\u00fcbergreifend von Anfang an. Zu Beginn der Konzeptphase b\u00fcndeln wir die Diskussionen und Definitionen der Projektziele und Rahmenbedingungen mit allen Vertretern der notwendigen und beteiligten Fachdisziplinen[\/vc_column_text]<\/div><\/div><div class=\"toggle default\"><h3><a href=\"#\"><i class=\"icon-plus-sign\"><\/i>In der Konzeptphase macht es wenig Sinn sich in Details zu vertiefen, wie z.B. Detaillayouts, wenn das Gro\u00dfe Ganze noch nicht feststeht.<\/a><\/h3><div>[vc_column_text]Infrastruktur- und geb\u00e4uderelevante Anforderungen aus den Produktions- und Nebenprozessen werden mit den Projektverantwortlichen zu Beginn definiert. Diskussionen zu Details werden auf sp\u00e4ter vertagt.[\/vc_column_text]<\/div><\/div><div class=\"toggle default\"><h3><a href=\"#\"><i class=\"icon-plus-sign\"><\/i>Fabrikgeb\u00e4ude sind ``H\u00fcllen`` f\u00fcr Produktionsprozesse.<\/a><\/h3><div>[vc_column_text]Wir layouten zuerst Prozesse, Wertstr\u00f6me und Materialfluss und konzipieren dann Infrastruktur und Geb\u00e4ude.[\/vc_column_text]<\/div><\/div><div class=\"toggle default\"><h3><a href=\"#\"><i class=\"icon-plus-sign\"><\/i>Es gibt keinen idealen Standort, keine ideale Rahmenbedingungen und daher auch nicht nur eine L\u00f6sungsoption.<\/a><\/h3><div>[vc_column_text]Wir suchen nach Alternativen und empfehlen die f\u00fcr Ihre Situation passendste L\u00f6sung.[\/vc_column_text]<\/div><\/div><div class=\"toggle default\"><h3><a href=\"#\"><i class=\"icon-plus-sign\"><\/i>Schw\u00e4chen eines Fabrikkonzeptes zeigen sich meist erst in der Planungs- und\/oder Realisierungsphase eines Projektes.<\/a><\/h3><div>[vc_column_text]Wir identifizieren und bewerten Chancen und Risiken anhand unseren Projekterfahrungen, Fehlerm\u00f6glichkeits- und \u2013einflussanalysen schon in der Konzeptphase, diskutieren diese mit Ihnen und ber\u00fccksichtigen sie bereits in den L\u00f6sungsans\u00e4tzen.[\/vc_column_text]<\/div><\/div><div class=\"toggle default\"><h3><a href=\"#\"><i class=\"icon-plus-sign\"><\/i>Exakte Zahlen und Fakten suggerieren eine Genauigkeit, die es in der Konzeptphase nicht gibt.<\/a><\/h3><div>[vc_column_text]Wir kalkulieren mit zuvor gemeinsam definierten Toleranzen und Sicherheiten.[\/vc_column_text]<\/div><\/div><div class=\"toggle default\"><h3><a href=\"#\"><i class=\"icon-plus-sign\"><\/i>Gro\u00dfe Projektteams betrachten Einfl\u00fcsse und Priorit\u00e4ten manchmal unterschiedlich.<\/a><\/h3><div>[vc_column_text]Wir arbeiten gerne in kleinen Teams mit unserem CEO als Ihren pers\u00f6nlichen Betreuer.[\/vc_column_text]<\/div><\/div><\/div>[\/vc_column][\/vc_row][vc_row type=&#8220;full_width_background&#8220; full_screen_row_position=&#8220;middle&#8220; bg_image=&#8220;5973&#8243; bg_position=&#8220;center center&#8220; bg_repeat=&#8220;no-repeat&#8220; scene_position=&#8220;center&#8220; text_color=&#8220;dark&#8220; text_align=&#8220;left&#8220; top_padding=&#8220;7%&#8220; bottom_padding=&#8220;16%&#8220; translate_y=&#8220;75&#8243; id=&#8220;testimonials&#8220; overlay_strength=&#8220;0.8&#8243; shape_divider_position=&#8220;bottom&#8220; bg_image_animation=&#8220;none&#8220; shape_type=&#8220;triangle&#8220;][vc_column column_padding=&#8220;no-extra-padding&#8220; column_padding_position=&#8220;all&#8220; background_color_opacity=&#8220;1&#8243; background_hover_color_opacity=&#8220;1&#8243; column_link_target=&#8220;_self&#8220; column_shadow=&#8220;none&#8220; column_border_radius=&#8220;none&#8220; top_margin=&#8220;30&#8243; bottom_margin=&#8220;30&#8243; width=&#8220;1\/1&#8243; tablet_width_inherit=&#8220;default&#8220; tablet_text_alignment=&#8220;default&#8220; phone_text_alignment=&#8220;default&#8220; column_border_width=&#8220;none&#8220; column_border_style=&#8220;solid&#8220; bg_image_animation=&#8220;none&#8220;][vc_column_text][\/vc_column_text][\/vc_column][\/vc_row][vc_row type=&#8220;full_width_background&#8220; full_screen_row_position=&#8220;middle&#8220; scene_position=&#8220;center&#8220; text_color=&#8220;dark&#8220; text_align=&#8220;left&#8220; top_padding=&#8220;60&#8243; overlay_strength=&#8220;0.3&#8243; shape_divider_color=&#8220;#ffffff&#8220; shape_divider_position=&#8220;top&#8220; shape_divider_height=&#8220;60&#8243; bg_image_animation=&#8220;none&#8220; shape_type=&#8220;curve&#8220;][vc_column column_padding=&#8220;no-extra-padding&#8220; column_padding_position=&#8220;all&#8220; background_color_opacity=&#8220;1&#8243; background_hover_color_opacity=&#8220;1&#8243; font_color=&#8220;#ffffff&#8220; column_link_target=&#8220;_self&#8220; column_shadow=&#8220;none&#8220; column_border_radius=&#8220;none&#8220; width=&#8220;1\/1&#8243; tablet_width_inherit=&#8220;default&#8220; tablet_text_alignment=&#8220;default&#8220; phone_text_alignment=&#8220;default&#8220; column_border_width=&#8220;none&#8220; column_border_style=&#8220;solid&#8220; bg_image_animation=&#8220;none&#8220; translate_y=&#8220;-50%&#8220;][vc_row_inner column_margin=&#8220;default&#8220; top_padding=&#8220;8%&#8220; bottom_padding=&#8220;8%&#8220; translate_y=&#8220;-50%&#8220; text_align=&#8220;left&#8220; css=&#8220;.vc_custom_1555419086196{padding-top: 5px !important;padding-bottom: 5px !important;}&#8220;][vc_column_inner column_padding=&#8220;padding-2-percent&#8220; column_padding_position=&#8220;all&#8220; centered_text=&#8220;true&#8220; background_color=&#8220;#ff6473&#8243; background_color_opacity=&#8220;1&#8243; background_hover_color_opacity=&#8220;1&#8243; font_color=&#8220;#ffffff&#8220; column_shadow=&#8220;x_large_depth&#8220; column_border_radius=&#8220;20px&#8220; column_link_target=&#8220;_self&#8220; width=&#8220;1\/1&#8243; tablet_width_inherit=&#8220;default&#8220; column_border_width=&#8220;none&#8220; column_border_style=&#8220;solid&#8220; bg_image_animation=&#8220;none&#8220; enable_animation=&#8220;true&#8220; animation=&#8220;flip-in-vertical&#8220;][vc_column_text]\n<h3 style=\"text-align: center;\"><span style=\"color: #ffffff;\">Interessiert?<\/span><\/h3>\n[\/vc_column_text][nectar_btn size=&#8220;medium&#8220; open_new_tab=&#8220;true&#8220; button_style=&#8220;see-through-2&#8243; color_override=&#8220;#ffffff&#8220; hover_color_override=&#8220;#ffffff&#8220; hover_text_color_override=&#8220;#000000&#8243; icon_family=&#8220;none&#8220; text=&#8220;Kontakt&#8220; url=&#8220;\/kontakt&#8220;][\/vc_column_inner][\/vc_row_inner][\/vc_column][\/vc_row]\n","protected":false},"excerpt":{"rendered":"<p>[vc_row type=&#8220;full_width_background&#8220; full_screen_row_position=&#8220;middle&#8220; bg_image=&#8220;5971&#8243; bg_position=&#8220;left top&#8220; bg_repeat=&#8220;no-repeat&#8220; scene_position=&#8220;center&#8220; text_color=&#8220;light&#8220; text_align=&#8220;center&#8220; top_padding=&#8220;8%&#8220; bottom_padding=&#8220;150&#8243; color_overlay=&#8220;#5cc1b3&#8243; overlay_strength=&#8220;0.5&#8243; enable_shape_divider=&#8220;true&#8220; shape_divider_color=&#8220;#ffffff&#8220; shape_divider_position=&#8220;bottom&#8220; shape_divider_height=&#8220;250&#8243; bg_image_animation=&#8220;none&#8220; shape_type=&#8220;curve_opacity&#8220;][vc_column column_padding=&#8220;no-extra-padding&#8220; column_padding_position=&#8220;all&#8220; background_color_opacity=&#8220;1&#8243; background_hover_color_opacity=&#8220;1&#8243; column_link_target=&#8220;_self&#8220;&#8230;<\/p>\n","protected":false},"author":1,"featured_media":0,"parent":0,"menu_order":0,"comment_status":"closed","ping_status":"closed","template":"","meta":[],"yoast_head":"<!-- This site is optimized with the Yoast SEO plugin v15.9 - https:\/\/yoast.com\/wordpress\/plugins\/seo\/ -->\n<title>Warum wir von factory concept \u2013 Unsere Kompetenz \u2013 Ihr Erfolg<\/title>\n<meta name=\"description\" content=\"Wir konzentrieren uns auf Ihre Situation und mit unserer Kompetenz holen wir mit dem passendsten Konzept das Beste f\u00fcr Ihr Unternehmen heraus!\" \/>\n<meta name=\"robots\" content=\"index, follow, max-snippet:-1, max-image-preview:large, max-video-preview:-1\" \/>\n<link rel=\"canonical\" href=\"https:\/\/factoryconcept.de\/?page_id=92\" \/>\n<meta property=\"og:locale\" content=\"de_DE\" \/>\n<meta property=\"og:type\" content=\"article\" \/>\n<meta property=\"og:title\" content=\"Warum wir von factory concept \u2013 Unsere Kompetenz \u2013 Ihr Erfolg\" \/>\n<meta property=\"og:description\" content=\"Wir konzentrieren uns auf Ihre Situation und mit unserer Kompetenz holen wir mit dem passendsten Konzept das Beste f\u00fcr Ihr Unternehmen heraus!\" \/>\n<meta property=\"og:url\" content=\"https:\/\/factoryconcept.de\/?page_id=92\" \/>\n<meta property=\"og:site_name\" content=\"factoryconcept.de\" \/>\n<meta name=\"twitter:card\" content=\"summary_large_image\" \/>\n<meta name=\"twitter:label1\" content=\"Gesch\u00e4tzte Lesezeit\">\n\t<meta name=\"twitter:data1\" content=\"6\u00a0Minuten\">\n<script type=\"application\/ld+json\" class=\"yoast-schema-graph\">{\"@context\":\"https:\/\/schema.org\",\"@graph\":[{\"@type\":\"WebSite\",\"@id\":\"https:\/\/factoryconcept.de\/#website\",\"url\":\"https:\/\/factoryconcept.de\/\",\"name\":\"factoryconcept.de\",\"description\":\"Drawing your ideas into concepts!\",\"potentialAction\":[{\"@type\":\"SearchAction\",\"target\":\"https:\/\/factoryconcept.de\/?s={search_term_string}\",\"query-input\":\"required name=search_term_string\"}],\"inLanguage\":\"de\"},{\"@type\":\"WebPage\",\"@id\":\"https:\/\/factoryconcept.de\/?page_id=92#webpage\",\"url\":\"https:\/\/factoryconcept.de\/?page_id=92\",\"name\":\"Warum wir von factory concept \\u2013 Unsere Kompetenz \\u2013 Ihr Erfolg\",\"isPartOf\":{\"@id\":\"https:\/\/factoryconcept.de\/#website\"},\"datePublished\":\"2017-09-01T16:26:59+00:00\",\"dateModified\":\"2017-09-01T16:26:59+00:00\",\"description\":\"Wir konzentrieren uns auf Ihre Situation und mit unserer Kompetenz holen wir mit dem passendsten Konzept das Beste f\\u00fcr Ihr Unternehmen heraus!\",\"breadcrumb\":{\"@id\":\"https:\/\/factoryconcept.de\/?page_id=92#breadcrumb\"},\"inLanguage\":\"de\",\"potentialAction\":[{\"@type\":\"ReadAction\",\"target\":[\"https:\/\/factoryconcept.de\/?page_id=92\"]}]},{\"@type\":\"BreadcrumbList\",\"@id\":\"https:\/\/factoryconcept.de\/?page_id=92#breadcrumb\",\"itemListElement\":[{\"@type\":\"ListItem\",\"position\":1,\"item\":{\"@type\":\"WebPage\",\"@id\":\"https:\/\/factoryconcept.de\/\",\"url\":\"https:\/\/factoryconcept.de\/\",\"name\":\"Startseite\"}},{\"@type\":\"ListItem\",\"position\":2,\"item\":{\"@type\":\"WebPage\",\"@id\":\"https:\/\/factoryconcept.de\/?page_id=92\",\"url\":\"https:\/\/factoryconcept.de\/?page_id=92\",\"name\":\"Warum wir\"}}]}]}<\/script>\n<!-- \/ Yoast SEO plugin. -->","_links":{"self":[{"href":"https:\/\/factoryconcept.de\/index.php?rest_route=\/wp\/v2\/pages\/92"}],"collection":[{"href":"https:\/\/factoryconcept.de\/index.php?rest_route=\/wp\/v2\/pages"}],"about":[{"href":"https:\/\/factoryconcept.de\/index.php?rest_route=\/wp\/v2\/types\/page"}],"author":[{"embeddable":true,"href":"https:\/\/factoryconcept.de\/index.php?rest_route=\/wp\/v2\/users\/1"}],"replies":[{"embeddable":true,"href":"https:\/\/factoryconcept.de\/index.php?rest_route=%2Fwp%2Fv2%2Fcomments&post=92"}],"version-history":[{"count":0,"href":"https:\/\/factoryconcept.de\/index.php?rest_route=\/wp\/v2\/pages\/92\/revisions"}],"wp:attachment":[{"href":"https:\/\/factoryconcept.de\/index.php?rest_route=%2Fwp%2Fv2%2Fmedia&parent=92"}],"curies":[{"name":"wp","href":"https:\/\/api.w.org\/{rel}","templated":true}]}}